{"id":13776,"date":"2018-01-17T12:36:28","date_gmt":"2018-01-17T11:36:28","guid":{"rendered":"https:\/\/www.wildhood.org\/nyheter\/"},"modified":"2021-08-18T13:04:46","modified_gmt":"2021-08-18T11:04:46","slug":"news","status":"publish","type":"page","link":"https:\/\/www.wildhood.org\/en\/news\/","title":{"rendered":"News"},"content":{"rendered":"<p>[et_pb_section fb_built=&#8221;1&#8243; fullwidth=&#8221;on&#8221; module_id=&#8221;custom-header&#8221; _builder_version=&#8221;4.9.4&#8243; _module_preset=&#8221;default&#8221; height=&#8221;150px&#8221; height_tablet=&#8221;50px&#8221; height_phone=&#8221;50px&#8221; height_last_edited=&#8221;on|phone&#8221; max_height=&#8221;150px&#8221; max_height_tablet=&#8221;50px&#8221; max_height_phone=&#8221;50px&#8221; max_height_last_edited=&#8221;on|desktop&#8221;][et_pb_fullwidth_header text_orientation=&#8221;right&#8221; button_one_url=&#8221;https:\/\/www.wildhood.org\/en\/donate\/&#8221; disabled_on=&#8221;on|on|on&#8221; _builder_version=&#8221;4.9.4&#8243; _module_preset=&#8221;default&#8221; title_text_align=&#8221;center&#8221; content_text_align=&#8221;center&#8221; background_enable_color=&#8221;off&#8221; background_enable_image=&#8221;off&#8221; background_layout=&#8221;light&#8221; custom_css_button_1=&#8221;text-align: left;||margin-left: 0;||margin-right: auto;&#8221; custom_css_button_2=&#8221;text-align: left;||margin-left: 0;||margin-right: auto;&#8221; disabled=&#8221;on&#8221;][\/et_pb_fullwidth_header][\/et_pb_section][et_pb_section fb_built=&#8221;1&#8243; custom_padding_last_edited=&#8221;on|desktop&#8221; admin_label=&#8221;section&#8221; _builder_version=&#8221;3.22.3&#8243; custom_padding=&#8221;0px|||||&#8221; custom_padding_tablet=&#8221;50px|0|50px|0&#8243; custom_padding_phone=&#8221;&#8221; transparent_background=&#8221;off&#8221; padding_mobile=&#8221;off&#8221; make_fullwidth=&#8221;off&#8221; use_custom_width=&#8221;off&#8221; width_unit=&#8221;off&#8221; custom_width_px=&#8221;1080px&#8221; custom_width_percent=&#8221;80%&#8221;][et_pb_row disabled_on=&#8221;on|on|on&#8221; module_class=&#8221;row-breadcrumb&#8221; _builder_version=&#8221;4.9.4&#8243; _module_preset=&#8221;default&#8221; disabled=&#8221;on&#8221;][et_pb_column type=&#8221;4_4&#8243; _builder_version=&#8221;4.9.4&#8243; _module_preset=&#8221;default&#8221;][et_pb_text _builder_version=&#8221;4.9.4&#8243; _module_preset=&#8221;default&#8221;]<a>WILDHOOD<\/a> \/ NYHETER[\/et_pb_text][\/et_pb_column][\/et_pb_row][et_pb_row _builder_version=&#8221;4.9.4&#8243; _module_preset=&#8221;default&#8221; max_width=&#8221;1000px&#8221; module_alignment=&#8221;center&#8221;][et_pb_column type=&#8221;4_4&#8243; _builder_version=&#8221;4.9.4&#8243; _module_preset=&#8221;default&#8221;][et_pb_text _builder_version=&#8221;4.9.10&#8243; _module_preset=&#8221;default&#8221; header_text_align=&#8221;center&#8221; text_orientation=&#8221;center&#8221; max_width=&#8221;800px&#8221; module_alignment=&#8221;center&#8221; hover_enabled=&#8221;0&#8243; text_line_height_tablet=&#8221;&#8221; text_line_height_phone=&#8221;&#8221; text_line_height_last_edited=&#8221;on|phone&#8221; sticky_enabled=&#8221;0&#8243;]<\/p>\n<h1 class=\"h2\" style=\"font-style: normal !Important;\">Our News<\/h1>\n<p>Get up to date with our latest news and don&#8217;t miss to get our updates in your inbox by signing up to our newsletter at the bottom of this page!\u00a0<\/p>\n<p>[\/et_pb_text][\/et_pb_column][\/et_pb_row][et_pb_row column_padding_mobile=&#8221;on&#8221; admin_label=&#8221;row&#8221; _builder_version=&#8221;4.6.3&#8243; background_size=&#8221;initial&#8221; background_position=&#8221;top_left&#8221; background_repeat=&#8221;repeat&#8221; custom_padding=&#8221;50px||||false|false&#8221; make_fullwidth=&#8221;off&#8221; use_custom_width=&#8221;off&#8221; width_unit=&#8221;off&#8221; custom_width_px=&#8221;1080px&#8221; custom_width_percent=&#8221;80%&#8221;][et_pb_column type=&#8221;4_4&#8243; _builder_version=&#8221;3.25&#8243; custom_padding=&#8221;|||&#8221; custom_padding__hover=&#8221;|||&#8221;][et_pb_blog fullwidth=&#8221;off&#8221; posts_number=&#8221;3&#8243; meta_date=&#8221;j F Y&#8221; show_more=&#8221;on&#8221; show_author=&#8221;off&#8221; show_categories=&#8221;off&#8221; show_pagination=&#8221;off&#8221; show_more_last_edited=&#8221;off|desktop&#8221; admin_label=&#8221;Blog&#8221; module_class=&#8221;cu-blogNo&#8221; _builder_version=&#8221;4.9.7&#8243; header_level=&#8221;h3&#8243; header_text_align=&#8221;left&#8221; header_text_color=&#8221;#5d963c&#8221; header_font_size=&#8221;30px&#8221; body_text_color=&#8221;#1a1919&#8243; body_line_height=&#8221;1.6em&#8221; read_more_text_color=&#8221;#5d963c&#8221; header_font_size_tablet=&#8221;&#8221; header_font_size_phone=&#8221;&#8221; header_font_size_last_edited=&#8221;on|phone&#8221; border_width_all=&#8221;1px&#8221; border_color_all=&#8221;#ffffff&#8221; border_style_all=&#8221;solid&#8221; border_width_all_fullwidth=&#8221;1px&#8221; border_color_all_fullwidth=&#8221;#ffffff&#8221; border_style_all_fullwidth=&#8221;solid&#8221; use_border_color=&#8221;on&#8221; border_color=&#8221;#ffffff&#8221; border_width=&#8221;1px&#8221; border_style=&#8221;solid&#8221; use_dropshadow=&#8221;off&#8221;]\u00a0<br \/>\n[\/et_pb_blog][\/et_pb_column][\/et_pb_row][et_pb_row column_padding_mobile=&#8221;on&#8221; custom_padding_last_edited=&#8221;on|phone&#8221; admin_label=&#8221;row&#8221; _builder_version=&#8221;4.9.7&#8243; background_size=&#8221;initial&#8221; background_position=&#8221;top_left&#8221; background_repeat=&#8221;repeat&#8221; custom_margin=&#8221;||||false|false&#8221; custom_margin_tablet=&#8221;&#8221; custom_margin_phone=&#8221;-20px||||false|false&#8221; custom_margin_last_edited=&#8221;on|phone&#8221; custom_padding=&#8221;||||false|false&#8221; custom_padding_tablet=&#8221;0px||||false|false&#8221; custom_padding_phone=&#8221;0px||||false|false&#8221; make_fullwidth=&#8221;off&#8221; use_custom_width=&#8221;off&#8221; width_unit=&#8221;off&#8221; custom_width_px=&#8221;1080px&#8221; custom_width_percent=&#8221;80%&#8221;][et_pb_column type=&#8221;4_4&#8243; _builder_version=&#8221;3.25&#8243; custom_padding=&#8221;|||&#8221; custom_padding__hover=&#8221;|||&#8221;][et_pb_blog fullwidth=&#8221;off&#8221; posts_number=&#8221;3&#8243; meta_date=&#8221;j F Y&#8221; show_more=&#8221;on&#8221; show_author=&#8221;off&#8221; show_categories=&#8221;off&#8221; offset_number=&#8221;3&#8243; show_more_last_edited=&#8221;off|desktop&#8221; admin_label=&#8221;Blog&#8221; module_class=&#8221;cu-blogNo&#8221; _builder_version=&#8221;4.9.7&#8243; header_level=&#8221;h3&#8243; header_text_align=&#8221;left&#8221; header_text_color=&#8221;#5d963c&#8221; header_font_size=&#8221;30px&#8221; body_text_color=&#8221;#1a1919&#8243; body_line_height=&#8221;1.6em&#8221; read_more_text_color=&#8221;#5d963c&#8221; header_font_size_tablet=&#8221;&#8221; header_font_size_phone=&#8221;&#8221; header_font_size_last_edited=&#8221;on|phone&#8221; border_width_all=&#8221;1px&#8221; border_color_all=&#8221;#ffffff&#8221; border_style_all=&#8221;solid&#8221; border_width_all_fullwidth=&#8221;1px&#8221; border_color_all_fullwidth=&#8221;#ffffff&#8221; border_style_all_fullwidth=&#8221;solid&#8221; use_border_color=&#8221;on&#8221; border_color=&#8221;#ffffff&#8221; border_width=&#8221;1px&#8221; border_style=&#8221;solid&#8221; use_dropshadow=&#8221;off&#8221;]\u00a0<br \/>\n[\/et_pb_blog][\/et_pb_column][\/et_pb_row][\/et_pb_section]<\/p>\n","protected":false},"excerpt":{"rendered":"<p>WILDHOOD \/ NYHETEROur News Get up to date with our latest news and don&#8217;t miss to get our updates in your inbox by signing up to our newsletter at the bottom of this page!\u00a0\u00a0 \u00a0<\/p>\n","protected":false},"author":1,"featured_media":0,"parent":0,"menu_order":0,"comment_status":"closed","ping_status":"closed","template":"","meta":{"_et_pb_use_builder":"on","_et_pb_old_content":"","_et_gb_content_width":"","footnotes":""},"class_list":["post-13776","page","type-page","status-publish","hentry"],"yoast_head":"<!-- This site is optimized with the Yoast SEO plugin v27.4 - https:\/\/yoast.com\/product\/yoast-seo-wordpress\/ -->\n<title>News - Wildhood<\/title>\n<meta name=\"description\" content=\"Nyheter fr\u00e5n Wildhood, f\u00e5 information om de framsteg som Wildhood och de lokala organisationer vi st\u00f6der g\u00f6r i bevarandet av hotade djurarter.\" \/>\n<meta name=\"robots\" content=\"index, follow, max-snippet:-1, max-image-preview:large, max-video-preview:-1\" \/>\n<link rel=\"canonical\" href=\"https:\/\/www.wildhood.org\/en\/news\/\" \/>\n<meta property=\"og:locale\" content=\"en_US\" \/>\n<meta property=\"og:type\" content=\"article\" \/>\n<meta property=\"og:title\" content=\"News - Wildhood\" \/>\n<meta property=\"og:description\" content=\"Nyheter fr\u00e5n Wildhood, f\u00e5 information om de framsteg som Wildhood och de lokala organisationer vi st\u00f6der g\u00f6r i bevarandet av hotade djurarter.\" \/>\n<meta property=\"og:url\" content=\"https:\/\/www.wildhood.org\/en\/news\/\" \/>\n<meta property=\"og:site_name\" content=\"Wildhood\" \/>\n<meta property=\"article:modified_time\" content=\"2021-08-18T11:04:46+00:00\" \/>\n<meta name=\"twitter:card\" content=\"summary_large_image\" \/>\n<meta name=\"twitter:label1\" content=\"Est. reading time\" \/>\n\t<meta name=\"twitter:data1\" content=\"4 minutes\" \/>\n<script type=\"application\/ld+json\" class=\"yoast-schema-graph\">{\"@context\":\"https:\\\/\\\/schema.org\",\"@graph\":[{\"@type\":\"WebPage\",\"@id\":\"https:\\\/\\\/www.wildhood.org\\\/en\\\/news\\\/\",\"url\":\"https:\\\/\\\/www.wildhood.org\\\/en\\\/news\\\/\",\"name\":\"News - Wildhood\",\"isPartOf\":{\"@id\":\"https:\\\/\\\/www.wildhood.org\\\/en\\\/#website\"},\"datePublished\":\"2018-01-17T11:36:28+00:00\",\"dateModified\":\"2021-08-18T11:04:46+00:00\",\"description\":\"Nyheter fr\u00e5n Wildhood, f\u00e5 information om de framsteg som Wildhood och de lokala organisationer vi st\u00f6der g\u00f6r i bevarandet av hotade djurarter.\",\"breadcrumb\":{\"@id\":\"https:\\\/\\\/www.wildhood.org\\\/en\\\/news\\\/#breadcrumb\"},\"inLanguage\":\"en-US\",\"potentialAction\":[{\"@type\":\"ReadAction\",\"target\":[\"https:\\\/\\\/www.wildhood.org\\\/en\\\/news\\\/\"]}]},{\"@type\":\"BreadcrumbList\",\"@id\":\"https:\\\/\\\/www.wildhood.org\\\/en\\\/news\\\/#breadcrumb\",\"itemListElement\":[{\"@type\":\"ListItem\",\"position\":1,\"name\":\"Home\",\"item\":\"https:\\\/\\\/www.wildhood.org\\\/en\\\/\"},{\"@type\":\"ListItem\",\"position\":2,\"name\":\"News\"}]},{\"@type\":\"WebSite\",\"@id\":\"https:\\\/\\\/www.wildhood.org\\\/en\\\/#website\",\"url\":\"https:\\\/\\\/www.wildhood.org\\\/en\\\/\",\"name\":\"Wildhood\",\"description\":\"A foundation against poaching\",\"potentialAction\":[{\"@type\":\"SearchAction\",\"target\":{\"@type\":\"EntryPoint\",\"urlTemplate\":\"https:\\\/\\\/www.wildhood.org\\\/en\\\/?s={search_term_string}\"},\"query-input\":{\"@type\":\"PropertyValueSpecification\",\"valueRequired\":true,\"valueName\":\"search_term_string\"}}],\"inLanguage\":\"en-US\"}]}<\/script>\n<!-- \/ Yoast SEO plugin. -->","yoast_head_json":{"title":"News - Wildhood","description":"Nyheter fr\u00e5n Wildhood, f\u00e5 information om de framsteg som Wildhood och de lokala organisationer vi st\u00f6der g\u00f6r i bevarandet av hotade djurarter.","robots":{"index":"index","follow":"follow","max-snippet":"max-snippet:-1","max-image-preview":"max-image-preview:large","max-video-preview":"max-video-preview:-1"},"canonical":"https:\/\/www.wildhood.org\/en\/news\/","og_locale":"en_US","og_type":"article","og_title":"News - Wildhood","og_description":"Nyheter fr\u00e5n Wildhood, f\u00e5 information om de framsteg som Wildhood och de lokala organisationer vi st\u00f6der g\u00f6r i bevarandet av hotade djurarter.","og_url":"https:\/\/www.wildhood.org\/en\/news\/","og_site_name":"Wildhood","article_modified_time":"2021-08-18T11:04:46+00:00","twitter_card":"summary_large_image","twitter_misc":{"Est. reading time":"4 minutes"},"schema":{"@context":"https:\/\/schema.org","@graph":[{"@type":"WebPage","@id":"https:\/\/www.wildhood.org\/en\/news\/","url":"https:\/\/www.wildhood.org\/en\/news\/","name":"News - Wildhood","isPartOf":{"@id":"https:\/\/www.wildhood.org\/en\/#website"},"datePublished":"2018-01-17T11:36:28+00:00","dateModified":"2021-08-18T11:04:46+00:00","description":"Nyheter fr\u00e5n Wildhood, f\u00e5 information om de framsteg som Wildhood och de lokala organisationer vi st\u00f6der g\u00f6r i bevarandet av hotade djurarter.","breadcrumb":{"@id":"https:\/\/www.wildhood.org\/en\/news\/#breadcrumb"},"inLanguage":"en-US","potentialAction":[{"@type":"ReadAction","target":["https:\/\/www.wildhood.org\/en\/news\/"]}]},{"@type":"BreadcrumbList","@id":"https:\/\/www.wildhood.org\/en\/news\/#breadcrumb","itemListElement":[{"@type":"ListItem","position":1,"name":"Home","item":"https:\/\/www.wildhood.org\/en\/"},{"@type":"ListItem","position":2,"name":"News"}]},{"@type":"WebSite","@id":"https:\/\/www.wildhood.org\/en\/#website","url":"https:\/\/www.wildhood.org\/en\/","name":"Wildhood","description":"A foundation against poaching","potentialAction":[{"@type":"SearchAction","target":{"@type":"EntryPoint","urlTemplate":"https:\/\/www.wildhood.org\/en\/?s={search_term_string}"},"query-input":{"@type":"PropertyValueSpecification","valueRequired":true,"valueName":"search_term_string"}}],"inLanguage":"en-US"}]}},"_links":{"self":[{"href":"https:\/\/www.wildhood.org\/en\/wp-json\/wp\/v2\/pages\/13776","targetHints":{"allow":["GET"]}}],"collection":[{"href":"https:\/\/www.wildhood.org\/en\/wp-json\/wp\/v2\/pages"}],"about":[{"href":"https:\/\/www.wildhood.org\/en\/wp-json\/wp\/v2\/types\/page"}],"author":[{"embeddable":true,"href":"https:\/\/www.wildhood.org\/en\/wp-json\/wp\/v2\/users\/1"}],"replies":[{"embeddable":true,"href":"https:\/\/www.wildhood.org\/en\/wp-json\/wp\/v2\/comments?post=13776"}],"version-history":[{"count":6,"href":"https:\/\/www.wildhood.org\/en\/wp-json\/wp\/v2\/pages\/13776\/revisions"}],"predecessor-version":[{"id":13913,"href":"https:\/\/www.wildhood.org\/en\/wp-json\/wp\/v2\/pages\/13776\/revisions\/13913"}],"wp:attachment":[{"href":"https:\/\/www.wildhood.org\/en\/wp-json\/wp\/v2\/media?parent=13776"}],"curies":[{"name":"wp","href":"https:\/\/api.w.org\/{rel}","templated":true}]}}